{"id":526,"date":"2023-02-27T14:26:51","date_gmt":"2023-02-27T13:26:51","guid":{"rendered":"https:\/\/vhi-gmbh.com\/?page_id=526"},"modified":"2023-08-31T16:53:01","modified_gmt":"2023-08-31T14:53:01","slug":"produkte","status":"publish","type":"page","link":"https:\/\/vhi-gmbh.com\/en\/produkte\/","title":{"rendered":"vhi &#8211; Produkte"},"content":{"rendered":"<div data-elementor-type=\"wp-page\" data-elementor-id=\"526\" class=\"elementor elementor-526\" data-elementor-post-type=\"page\">\n\t\t\t\t\t\t<section class=\"elementor-section elementor-top-section elementor-element elementor-element-d955a7a elementor-section-height-min-height elementor-section-boxed elementor-section-height-default elementor-section-items-middle\" data-id=\"d955a7a\" data-element_type=\"section\" data-e-type=\"section\" data-settings=\"{&quot;background_background&quot;:&quot;classic&quot;}\">\n\t\t\t\t\t\t\t<div class=\"elementor-background-overlay\"><\/div>\n\t\t\t\t\t\t\t<div class=\"elementor-container elementor-column-gap-default\">\n\t\t\t\t\t<div class=\"elementor-column elementor-col-100 elementor-top-column elementor-element elementor-element-33cc1201\" data-id=\"33cc1201\" data-element_type=\"column\" data-e-type=\"column\">\n\t\t\t<div class=\"elementor-widget-wrap elementor-element-populated\">\n\t\t\t\t\t\t<div class=\"elementor-element elementor-element-2af233a2 elementor-widget elementor-widget-heading\" data-id=\"2af233a2\" data-element_type=\"widget\" data-e-type=\"widget\" data-widget_type=\"heading.default\">\n\t\t\t\t<div class=\"elementor-widget-container\">\n\t\t\t\t\t<h2 class=\"elementor-heading-title elementor-size-default\">vhi - Our products<\/h2>\t\t\t\t<\/div>\n\t\t\t\t<\/div>\n\t\t\t\t\t<\/div>\n\t\t<\/div>\n\t\t\t\t\t<\/div>\n\t\t<\/section>\n\t\t\t\t<section class=\"elementor-section elementor-top-section elementor-element elementor-element-9a3f167 elementor-section-boxed elementor-section-height-default elementor-section-height-default\" data-id=\"9a3f167\" data-element_type=\"section\" data-e-type=\"section\">\n\t\t\t\t\t\t<div class=\"elementor-container elementor-column-gap-default\">\n\t\t\t\t\t<div class=\"elementor-column elementor-col-33 elementor-top-column elementor-element elementor-element-c03a09f\" data-id=\"c03a09f\" data-element_type=\"column\" data-e-type=\"column\">\n\t\t\t<div class=\"elementor-widget-wrap elementor-element-populated\">\n\t\t\t\t\t\t<div class=\"elementor-element elementor-element-3e4594c elementor-widget elementor-widget-image\" data-id=\"3e4594c\" data-element_type=\"widget\" data-e-type=\"widget\" data-widget_type=\"image.default\">\n\t\t\t\t<div class=\"elementor-widget-container\">\n\t\t\t\t\t\t\t\t\t\t\t\t\t\t\t<img fetchpriority=\"high\" decoding=\"async\" width=\"800\" height=\"424\" src=\"https:\/\/vhi-gmbh.com\/wp-content\/uploads\/2023\/02\/button_verankerungssysteme.png\" class=\"attachment-large size-large wp-image-532\" alt=\"\" srcset=\"https:\/\/vhi-gmbh.com\/wp-content\/uploads\/2023\/02\/button_verankerungssysteme.png 850w, https:\/\/vhi-gmbh.com\/wp-content\/uploads\/2023\/02\/button_verankerungssysteme-300x159.png 300w, https:\/\/vhi-gmbh.com\/wp-content\/uploads\/2023\/02\/button_verankerungssysteme-768x407.png 768w, https:\/\/vhi-gmbh.com\/wp-content\/uploads\/2023\/02\/button_verankerungssysteme-600x318.png 600w\" sizes=\"(max-width: 800px) 100vw, 800px\" \/>\t\t\t\t\t\t\t\t\t\t\t\t\t\t\t<\/div>\n\t\t\t\t<\/div>\n\t\t\t\t<div class=\"elementor-element elementor-element-2bfd07a elementor-widget elementor-widget-heading\" data-id=\"2bfd07a\" data-element_type=\"widget\" data-e-type=\"widget\" data-widget_type=\"heading.default\">\n\t\t\t\t<div class=\"elementor-widget-container\">\n\t\t\t\t\t<h2 class=\"elementor-heading-title elementor-size-default\">Anchoring systems<\/h2>\t\t\t\t<\/div>\n\t\t\t\t<\/div>\n\t\t\t\t<div class=\"elementor-element elementor-element-f8b8d7d elementor-widget elementor-widget-heading\" data-id=\"f8b8d7d\" data-element_type=\"widget\" data-e-type=\"widget\" data-widget_type=\"heading.default\">\n\t\t\t\t<div class=\"elementor-widget-container\">\n\t\t\t\t\t<h2 class=\"elementor-heading-title elementor-size-default\">We produce a wide variety of anchoring systems for different applications, replacing former \u2013 sometimes unsuitable \u2013 anchoring designs.<\/h2>\t\t\t\t<\/div>\n\t\t\t\t<\/div>\n\t\t\t\t<div class=\"elementor-element elementor-element-020873a elementor-mobile-align-justify elementor-align-center elementor-widget elementor-widget-button\" data-id=\"020873a\" data-element_type=\"widget\" data-e-type=\"widget\" data-widget_type=\"button.default\">\n\t\t\t\t<div class=\"elementor-widget-container\">\n\t\t\t\t\t\t\t\t\t<div class=\"elementor-button-wrapper\">\n\t\t\t\t\t<a class=\"elementor-button elementor-button-link elementor-size-xs\" href=\"https:\/\/vhi-gmbh.com\/en\/produkte\/\">\n\t\t\t\t\t\t<span class=\"elementor-button-content-wrapper\">\n\t\t\t\t\t\t\t\t\t<span class=\"elementor-button-text\">Learn more<\/span>\n\t\t\t\t\t<\/span>\n\t\t\t\t\t<\/a>\n\t\t\t\t<\/div>\n\t\t\t\t\t\t\t\t<\/div>\n\t\t\t\t<\/div>\n\t\t\t\t\t<\/div>\n\t\t<\/div>\n\t\t\t\t<div class=\"elementor-column elementor-col-33 elementor-top-column elementor-element elementor-element-6c98950\" data-id=\"6c98950\" data-element_type=\"column\" data-e-type=\"column\">\n\t\t\t<div class=\"elementor-widget-wrap elementor-element-populated\">\n\t\t\t\t\t\t<div class=\"elementor-element elementor-element-0a4bc18 elementor-widget elementor-widget-image\" data-id=\"0a4bc18\" data-element_type=\"widget\" data-e-type=\"widget\" data-widget_type=\"image.default\">\n\t\t\t\t<div class=\"elementor-widget-container\">\n\t\t\t\t\t\t\t\t\t\t\t\t\t\t\t<img decoding=\"async\" width=\"800\" height=\"424\" src=\"https:\/\/vhi-gmbh.com\/wp-content\/uploads\/2023\/02\/button_3d-verankerungssystem.png\" class=\"attachment-large size-large wp-image-530\" alt=\"\" srcset=\"https:\/\/vhi-gmbh.com\/wp-content\/uploads\/2023\/02\/button_3d-verankerungssystem.png 850w, https:\/\/vhi-gmbh.com\/wp-content\/uploads\/2023\/02\/button_3d-verankerungssystem-300x159.png 300w, https:\/\/vhi-gmbh.com\/wp-content\/uploads\/2023\/02\/button_3d-verankerungssystem-768x407.png 768w, https:\/\/vhi-gmbh.com\/wp-content\/uploads\/2023\/02\/button_3d-verankerungssystem-600x318.png 600w\" sizes=\"(max-width: 800px) 100vw, 800px\" \/>\t\t\t\t\t\t\t\t\t\t\t\t\t\t\t<\/div>\n\t\t\t\t<\/div>\n\t\t\t\t<div class=\"elementor-element elementor-element-dd69057 elementor-widget elementor-widget-heading\" data-id=\"dd69057\" data-element_type=\"widget\" data-e-type=\"widget\" data-widget_type=\"heading.default\">\n\t\t\t\t<div class=\"elementor-widget-container\">\n\t\t\t\t\t<h2 class=\"elementor-heading-title elementor-size-default\">3D anchor system<\/h2>\t\t\t\t<\/div>\n\t\t\t\t<\/div>\n\t\t\t\t<div class=\"elementor-element elementor-element-c7cfb0e elementor-widget elementor-widget-heading\" data-id=\"c7cfb0e\" data-element_type=\"widget\" data-e-type=\"widget\" data-widget_type=\"heading.default\">\n\t\t\t\t<div class=\"elementor-widget-container\">\n\t\t\t\t\t<h2 class=\"elementor-heading-title elementor-size-default\">The MVP anchor was developed as a three dimensional anchoring system. The requirements for an anchoring element for boiler tube walls are complex.<\/h2>\t\t\t\t<\/div>\n\t\t\t\t<\/div>\n\t\t\t\t<div class=\"elementor-element elementor-element-55d259b elementor-mobile-align-justify elementor-align-center elementor-widget elementor-widget-button\" data-id=\"55d259b\" data-element_type=\"widget\" data-e-type=\"widget\" data-widget_type=\"button.default\">\n\t\t\t\t<div class=\"elementor-widget-container\">\n\t\t\t\t\t\t\t\t\t<div class=\"elementor-button-wrapper\">\n\t\t\t\t\t<a class=\"elementor-button elementor-button-link elementor-size-xs\" href=\"https:\/\/vhi-gmbh.com\/en\/product\/der-mvp-anker\/\">\n\t\t\t\t\t\t<span class=\"elementor-button-content-wrapper\">\n\t\t\t\t\t\t\t\t\t<span class=\"elementor-button-text\">Learn more<\/span>\n\t\t\t\t\t<\/span>\n\t\t\t\t\t<\/a>\n\t\t\t\t<\/div>\n\t\t\t\t\t\t\t\t<\/div>\n\t\t\t\t<\/div>\n\t\t\t\t\t<\/div>\n\t\t<\/div>\n\t\t\t\t<div class=\"elementor-column elementor-col-33 elementor-top-column elementor-element elementor-element-c7b2cb8\" data-id=\"c7b2cb8\" data-element_type=\"column\" data-e-type=\"column\">\n\t\t\t<div class=\"elementor-widget-wrap elementor-element-populated\">\n\t\t\t\t\t\t<div class=\"elementor-element elementor-element-629e05e elementor-widget elementor-widget-image\" data-id=\"629e05e\" data-element_type=\"widget\" data-e-type=\"widget\" data-widget_type=\"image.default\">\n\t\t\t\t<div class=\"elementor-widget-container\">\n\t\t\t\t\t\t\t\t\t\t\t\t\t\t\t<img decoding=\"async\" width=\"800\" height=\"424\" src=\"https:\/\/vhi-gmbh.com\/wp-content\/uploads\/2023\/02\/button_Stahlfasern.png\" class=\"attachment-large size-large wp-image-529\" alt=\"\" srcset=\"https:\/\/vhi-gmbh.com\/wp-content\/uploads\/2023\/02\/button_Stahlfasern.png 850w, https:\/\/vhi-gmbh.com\/wp-content\/uploads\/2023\/02\/button_Stahlfasern-300x159.png 300w, https:\/\/vhi-gmbh.com\/wp-content\/uploads\/2023\/02\/button_Stahlfasern-768x407.png 768w, https:\/\/vhi-gmbh.com\/wp-content\/uploads\/2023\/02\/button_Stahlfasern-600x318.png 600w\" sizes=\"(max-width: 800px) 100vw, 800px\" \/>\t\t\t\t\t\t\t\t\t\t\t\t\t\t\t<\/div>\n\t\t\t\t<\/div>\n\t\t\t\t<div class=\"elementor-element elementor-element-7d44efb elementor-widget elementor-widget-heading\" data-id=\"7d44efb\" data-element_type=\"widget\" data-e-type=\"widget\" data-widget_type=\"heading.default\">\n\t\t\t\t<div class=\"elementor-widget-container\">\n\t\t\t\t\t<h2 class=\"elementor-heading-title elementor-size-default\">Steel fibres<\/h2>\t\t\t\t<\/div>\n\t\t\t\t<\/div>\n\t\t\t\t<div class=\"elementor-element elementor-element-aea5f99 elementor-widget elementor-widget-heading\" data-id=\"aea5f99\" data-element_type=\"widget\" data-e-type=\"widget\" data-widget_type=\"heading.default\">\n\t\t\t\t<div class=\"elementor-widget-container\">\n\t\t\t\t\t<h2 class=\"elementor-heading-title elementor-size-default\">These fibers are uniformly dispersed in the material, and so take the tensile stresses evenly across.<\/h2>\t\t\t\t<\/div>\n\t\t\t\t<\/div>\n\t\t\t\t<div class=\"elementor-element elementor-element-6bb86f0 elementor-mobile-align-justify elementor-align-center elementor-widget elementor-widget-button\" data-id=\"6bb86f0\" data-element_type=\"widget\" data-e-type=\"widget\" data-widget_type=\"button.default\">\n\t\t\t\t<div class=\"elementor-widget-container\">\n\t\t\t\t\t\t\t\t\t<div class=\"elementor-button-wrapper\">\n\t\t\t\t\t<a class=\"elementor-button elementor-button-link elementor-size-xs\" href=\"https:\/\/vhi-gmbh.com\/en\/product\/stahlfasern\/\">\n\t\t\t\t\t\t<span class=\"elementor-button-content-wrapper\">\n\t\t\t\t\t\t\t\t\t<span class=\"elementor-button-text\">Learn more<\/span>\n\t\t\t\t\t<\/span>\n\t\t\t\t\t<\/a>\n\t\t\t\t<\/div>\n\t\t\t\t\t\t\t\t<\/div>\n\t\t\t\t<\/div>\n\t\t\t\t\t<\/div>\n\t\t<\/div>\n\t\t\t\t\t<\/div>\n\t\t<\/section>\n\t\t\t\t<section class=\"elementor-section elementor-top-section elementor-element elementor-element-239bc2c elementor-section-boxed elementor-section-height-default elementor-section-height-default\" data-id=\"239bc2c\" data-element_type=\"section\" data-e-type=\"section\">\n\t\t\t\t\t\t<div class=\"elementor-container elementor-column-gap-default\">\n\t\t\t\t\t<div class=\"elementor-column elementor-col-33 elementor-top-column elementor-element elementor-element-1771423\" data-id=\"1771423\" data-element_type=\"column\" data-e-type=\"column\">\n\t\t\t<div class=\"elementor-widget-wrap elementor-element-populated\">\n\t\t\t\t\t\t<div class=\"elementor-element elementor-element-e78499a elementor-widget elementor-widget-image\" data-id=\"e78499a\" data-element_type=\"widget\" data-e-type=\"widget\" data-widget_type=\"image.default\">\n\t\t\t\t<div class=\"elementor-widget-container\">\n\t\t\t\t\t\t\t\t\t\t\t\t\t\t\t<img loading=\"lazy\" decoding=\"async\" width=\"800\" height=\"424\" src=\"https:\/\/vhi-gmbh.com\/wp-content\/uploads\/2023\/02\/button_Isoliermaterial.png\" class=\"attachment-large size-large wp-image-528\" alt=\"\" srcset=\"https:\/\/vhi-gmbh.com\/wp-content\/uploads\/2023\/02\/button_Isoliermaterial.png 850w, https:\/\/vhi-gmbh.com\/wp-content\/uploads\/2023\/02\/button_Isoliermaterial-300x159.png 300w, https:\/\/vhi-gmbh.com\/wp-content\/uploads\/2023\/02\/button_Isoliermaterial-768x407.png 768w, https:\/\/vhi-gmbh.com\/wp-content\/uploads\/2023\/02\/button_Isoliermaterial-600x318.png 600w\" sizes=\"(max-width: 800px) 100vw, 800px\" \/>\t\t\t\t\t\t\t\t\t\t\t\t\t\t\t<\/div>\n\t\t\t\t<\/div>\n\t\t\t\t<div class=\"elementor-element elementor-element-d989805 elementor-widget elementor-widget-heading\" data-id=\"d989805\" data-element_type=\"widget\" data-e-type=\"widget\" data-widget_type=\"heading.default\">\n\t\t\t\t<div class=\"elementor-widget-container\">\n\t\t\t\t\t<h2 class=\"elementor-heading-title elementor-size-default\">Isolation materials<\/h2>\t\t\t\t<\/div>\n\t\t\t\t<\/div>\n\t\t\t\t<div class=\"elementor-element elementor-element-02a4770 elementor-widget elementor-widget-heading\" data-id=\"02a4770\" data-element_type=\"widget\" data-e-type=\"widget\" data-widget_type=\"heading.default\">\n\t\t\t\t<div class=\"elementor-widget-container\">\n\t\t\t\t\t<h2 class=\"elementor-heading-title elementor-size-default\">The standards which our materials and machines have to fulfill are high. Please ask for our brochures.<\/h2>\t\t\t\t<\/div>\n\t\t\t\t<\/div>\n\t\t\t\t<div class=\"elementor-element elementor-element-83a0059 elementor-mobile-align-justify elementor-align-center elementor-widget elementor-widget-button\" data-id=\"83a0059\" data-element_type=\"widget\" data-e-type=\"widget\" data-widget_type=\"button.default\">\n\t\t\t\t<div class=\"elementor-widget-container\">\n\t\t\t\t\t\t\t\t\t<div class=\"elementor-button-wrapper\">\n\t\t\t\t\t<a class=\"elementor-button elementor-button-link elementor-size-xs\" href=\"https:\/\/vhi-gmbh.com\/en\/product\/isoliermaterialien\/\">\n\t\t\t\t\t\t<span class=\"elementor-button-content-wrapper\">\n\t\t\t\t\t\t\t\t\t<span class=\"elementor-button-text\">Learn more<\/span>\n\t\t\t\t\t<\/span>\n\t\t\t\t\t<\/a>\n\t\t\t\t<\/div>\n\t\t\t\t\t\t\t\t<\/div>\n\t\t\t\t<\/div>\n\t\t\t\t\t<\/div>\n\t\t<\/div>\n\t\t\t\t<div class=\"elementor-column elementor-col-33 elementor-top-column elementor-element elementor-element-8144d92\" data-id=\"8144d92\" data-element_type=\"column\" data-e-type=\"column\">\n\t\t\t<div class=\"elementor-widget-wrap elementor-element-populated\">\n\t\t\t\t\t\t<div class=\"elementor-element elementor-element-2092ca4 elementor-widget elementor-widget-image\" data-id=\"2092ca4\" data-element_type=\"widget\" data-e-type=\"widget\" data-widget_type=\"image.default\">\n\t\t\t\t<div class=\"elementor-widget-container\">\n\t\t\t\t\t\t\t\t\t\t\t\t\t\t\t<img loading=\"lazy\" decoding=\"async\" width=\"800\" height=\"424\" src=\"https:\/\/vhi-gmbh.com\/wp-content\/uploads\/2023\/02\/MPC18.jpg\" class=\"attachment-large size-large wp-image-531\" alt=\"\" srcset=\"https:\/\/vhi-gmbh.com\/wp-content\/uploads\/2023\/02\/MPC18.jpg 850w, https:\/\/vhi-gmbh.com\/wp-content\/uploads\/2023\/02\/MPC18-300x159.jpg 300w, https:\/\/vhi-gmbh.com\/wp-content\/uploads\/2023\/02\/MPC18-768x407.jpg 768w, https:\/\/vhi-gmbh.com\/wp-content\/uploads\/2023\/02\/MPC18-600x318.jpg 600w\" sizes=\"(max-width: 800px) 100vw, 800px\" \/>\t\t\t\t\t\t\t\t\t\t\t\t\t\t\t<\/div>\n\t\t\t\t<\/div>\n\t\t\t\t<div class=\"elementor-element elementor-element-5d851ff elementor-widget elementor-widget-heading\" data-id=\"5d851ff\" data-element_type=\"widget\" data-e-type=\"widget\" data-widget_type=\"heading.default\">\n\t\t\t\t<div class=\"elementor-widget-container\">\n\t\t\t\t\t<h2 class=\"elementor-heading-title elementor-size-default\">Stud-welding system<\/h2>\t\t\t\t<\/div>\n\t\t\t\t<\/div>\n\t\t\t\t<div class=\"elementor-element elementor-element-8361cae elementor-widget elementor-widget-heading\" data-id=\"8361cae\" data-element_type=\"widget\" data-e-type=\"widget\" data-widget_type=\"heading.default\">\n\t\t\t\t<div class=\"elementor-widget-container\">\n\t\t\t\t\t<h2 class=\"elementor-heading-title elementor-size-default\">Our new, robust stud welding machine is optimal adapted to the circumstances of everyday assembly work.<\/h2>\t\t\t\t<\/div>\n\t\t\t\t<\/div>\n\t\t\t\t<div class=\"elementor-element elementor-element-486399e elementor-mobile-align-justify elementor-align-center elementor-widget elementor-widget-button\" data-id=\"486399e\" data-element_type=\"widget\" data-e-type=\"widget\" data-widget_type=\"button.default\">\n\t\t\t\t<div class=\"elementor-widget-container\">\n\t\t\t\t\t\t\t\t\t<div class=\"elementor-button-wrapper\">\n\t\t\t\t\t<a class=\"elementor-button elementor-button-link elementor-size-xs\" href=\"https:\/\/vhi-gmbh.com\/en\/product\/robust-und-bedienerfreundlich-bolzenschweissgeraete-von-vhi\/\">\n\t\t\t\t\t\t<span class=\"elementor-button-content-wrapper\">\n\t\t\t\t\t\t\t\t\t<span class=\"elementor-button-text\">Learn more<\/span>\n\t\t\t\t\t<\/span>\n\t\t\t\t\t<\/a>\n\t\t\t\t<\/div>\n\t\t\t\t\t\t\t\t<\/div>\n\t\t\t\t<\/div>\n\t\t\t\t\t<\/div>\n\t\t<\/div>\n\t\t\t\t<div class=\"elementor-column elementor-col-33 elementor-top-column elementor-element elementor-element-886cda4\" data-id=\"886cda4\" data-element_type=\"column\" data-e-type=\"column\">\n\t\t\t<div class=\"elementor-widget-wrap\">\n\t\t\t\t\t\t\t<\/div>\n\t\t<\/div>\n\t\t\t\t\t<\/div>\n\t\t<\/section>\n\t\t\t\t<section class=\"elementor-section elementor-top-section elementor-element elementor-element-3978484 elementor-section-content-middle elementor-section-boxed elementor-section-height-default elementor-section-height-default\" data-id=\"3978484\" data-element_type=\"section\" data-e-type=\"section\" data-settings=\"{&quot;background_background&quot;:&quot;classic&quot;}\">\n\t\t\t\t\t\t<div class=\"elementor-container elementor-column-gap-default\">\n\t\t\t\t\t<div class=\"elementor-column elementor-col-50 elementor-top-column elementor-element elementor-element-20465fd\" data-id=\"20465fd\" data-element_type=\"column\" data-e-type=\"column\">\n\t\t\t<div class=\"elementor-widget-wrap elementor-element-populated\">\n\t\t\t\t\t\t<div class=\"elementor-element elementor-element-bd75834 elementor-widget elementor-widget-heading\" data-id=\"bd75834\" data-element_type=\"widget\" data-e-type=\"widget\" data-widget_type=\"heading.default\">\n\t\t\t\t<div class=\"elementor-widget-container\">\n\t\t\t\t\t<h6 class=\"elementor-heading-title elementor-size-default\">Our product finder<\/h6>\t\t\t\t<\/div>\n\t\t\t\t<\/div>\n\t\t\t\t<div class=\"elementor-element elementor-element-06cbfd3 elementor-widget elementor-widget-heading\" data-id=\"06cbfd3\" data-element_type=\"widget\" data-e-type=\"widget\" data-widget_type=\"heading.default\">\n\t\t\t\t<div class=\"elementor-widget-container\">\n\t\t\t\t\t<h2 class=\"elementor-heading-title elementor-size-default\">Find the right product in no time<\/h2>\t\t\t\t<\/div>\n\t\t\t\t<\/div>\n\t\t\t\t\t<\/div>\n\t\t<\/div>\n\t\t\t\t<div class=\"elementor-column elementor-col-50 elementor-top-column elementor-element elementor-element-2a9c832\" data-id=\"2a9c832\" data-element_type=\"column\" data-e-type=\"column\">\n\t\t\t<div class=\"elementor-widget-wrap elementor-element-populated\">\n\t\t\t\t\t\t<section class=\"elementor-section elementor-inner-section elementor-element elementor-element-5b7b3ae elementor-section-content-middle elementor-reverse-tablet elementor-reverse-mobile elementor-section-boxed elementor-section-height-default elementor-section-height-default\" data-id=\"5b7b3ae\" data-element_type=\"section\" data-e-type=\"section\">\n\t\t\t\t\t\t<div class=\"elementor-container elementor-column-gap-default\">\n\t\t\t\t\t<div class=\"elementor-column elementor-col-100 elementor-inner-column elementor-element elementor-element-474bde6\" data-id=\"474bde6\" data-element_type=\"column\" data-e-type=\"column\">\n\t\t\t<div class=\"elementor-widget-wrap elementor-element-populated\">\n\t\t\t\t\t\t<div class=\"elementor-element elementor-element-24113e7 elementor-mobile-align-justify elementor-tablet-align-center elementor-widget__width-auto elementor-widget-mobile__width-inherit elementor-widget elementor-widget-button\" data-id=\"24113e7\" data-element_type=\"widget\" data-e-type=\"widget\" data-widget_type=\"button.default\">\n\t\t\t\t<div class=\"elementor-widget-container\">\n\t\t\t\t\t\t\t\t\t<div class=\"elementor-button-wrapper\">\n\t\t\t\t\t<a class=\"elementor-button elementor-button-link elementor-size-md\" href=\"https:\/\/vhi-gmbh.com\/en\/katalog-bestellen\/\">\n\t\t\t\t\t\t<span class=\"elementor-button-content-wrapper\">\n\t\t\t\t\t\t\t\t\t<span class=\"elementor-button-text\">Request catalogues<\/span>\n\t\t\t\t\t<\/span>\n\t\t\t\t\t<\/a>\n\t\t\t\t<\/div>\n\t\t\t\t\t\t\t\t<\/div>\n\t\t\t\t<\/div>\n\t\t\t\t<div class=\"elementor-element elementor-element-a94a139 elementor-mobile-align-justify elementor-tablet-align-center elementor-widget__width-auto elementor-widget-mobile__width-inherit elementor-widget elementor-widget-button\" data-id=\"a94a139\" data-element_type=\"widget\" data-e-type=\"widget\" data-widget_type=\"button.default\">\n\t\t\t\t<div class=\"elementor-widget-container\">\n\t\t\t\t\t\t\t\t\t<div class=\"elementor-button-wrapper\">\n\t\t\t\t\t<a class=\"elementor-button elementor-button-link elementor-size-md\" href=\"https:\/\/vhi-gmbh.com\/en\/produktfinder\/\">\n\t\t\t\t\t\t<span class=\"elementor-button-content-wrapper\">\n\t\t\t\t\t\t\t\t\t<span class=\"elementor-button-text\">Product finder<\/span>\n\t\t\t\t\t<\/span>\n\t\t\t\t\t<\/a>\n\t\t\t\t<\/div>\n\t\t\t\t\t\t\t\t<\/div>\n\t\t\t\t<\/div>\n\t\t\t\t\t<\/div>\n\t\t<\/div>\n\t\t\t\t\t<\/div>\n\t\t<\/section>\n\t\t\t\t\t<\/div>\n\t\t<\/div>\n\t\t\t\t\t<\/div>\n\t\t<\/section>\n\t\t\t\t<\/div>","protected":false},"excerpt":{"rendered":"<p>vhi &#8211; Unsere Produkte Verankerungen Unsere feuerfesten Systeme sind innovativ und bedarfsgerecht, um den h\u00f6chsten Anspr\u00fcchen zu gen\u00fcgen. Mehr erfahren 3D-Anker Diese Verankerungtechnik ist ideal f\u00fcr ungeformte Feuerfestprodukte. Mehr erfahren Stahlfasern Diese Fasern verteilen sich homogen im Material und nehmen so die Zugspannungen gleichm\u00e4\u00dfig auf. Mehr erfahren Isoliermaterialien Wir bieten Ihnen Feuerfest- und Isoliermaterialien f\u00fcr [&hellip;]<\/p>\n","protected":false},"author":1,"featured_media":0,"parent":0,"menu_order":0,"comment_status":"closed","ping_status":"closed","template":"elementor_header_footer","meta":{"_acf_changed":false,"footnotes":""},"class_list":["post-526","page","type-page","status-publish","hentry"],"acf":[],"_links":{"self":[{"href":"https:\/\/vhi-gmbh.com\/en\/wp-json\/wp\/v2\/pages\/526","targetHints":{"allow":["GET"]}}],"collection":[{"href":"https:\/\/vhi-gmbh.com\/en\/wp-json\/wp\/v2\/pages"}],"about":[{"href":"https:\/\/vhi-gmbh.com\/en\/wp-json\/wp\/v2\/types\/page"}],"author":[{"embeddable":true,"href":"https:\/\/vhi-gmbh.com\/en\/wp-json\/wp\/v2\/users\/1"}],"replies":[{"embeddable":true,"href":"https:\/\/vhi-gmbh.com\/en\/wp-json\/wp\/v2\/comments?post=526"}],"version-history":[{"count":44,"href":"https:\/\/vhi-gmbh.com\/en\/wp-json\/wp\/v2\/pages\/526\/revisions"}],"predecessor-version":[{"id":2059,"href":"https:\/\/vhi-gmbh.com\/en\/wp-json\/wp\/v2\/pages\/526\/revisions\/2059"}],"wp:attachment":[{"href":"https:\/\/vhi-gmbh.com\/en\/wp-json\/wp\/v2\/media?parent=526"}],"curies":[{"name":"wp","href":"https:\/\/api.w.org\/{rel}","templated":true}]}}